{"id":331,"date":"2025-03-06T15:24:41","date_gmt":"2025-03-06T15:24:41","guid":{"rendered":"https:\/\/easylockersvalencia.com\/tarifas\/"},"modified":"2025-03-17T11:00:40","modified_gmt":"2025-03-17T11:00:40","slug":"tarifas","status":"publish","type":"page","link":"https:\/\/easylockersvalencia.com\/de\/tarifas\/","title":{"rendered":"PREISE"},"content":{"rendered":"<div class=\"wpb-content-wrapper\">[vc_row css=&#8220;.vc_custom_1741862943795{padding-top: 4% !important;padding-bottom: 4% !important;background-image: url(https:\/\/www.easylockersvalencia.com\/wp-content\/uploads\/2025\/03\/taquillas-maletas-valencia-centro.jpg?id=168) !important;background-position: center !important;background-repeat: no-repeat !important;background-size: cover !important;}&#8220;][vc_column][vc_column_text css=&#8220;&#8220;]\n<h1 style=\"text-align: center;\"><span style=\"font-size: 250%;\" data-text-color=\"success\"><strong>Preise f\u00fcr Schlie\u00dff\u00e4cher<\/strong><\/span><\/h1>\n[\/vc_column_text][\/vc_column][\/vc_row][vc_row css=&#8220;.vc_custom_1741791397247{padding-top: 3% !important;padding-right: 10% !important;padding-bottom: 3% !important;padding-left: 10% !important;}&#8220;][vc_column][vc_row_inner][vc_column_inner][vc_empty_space height=&#8220;32px&#8220;][vc_column_text css=&#8220;&#8220;]\n<h1 style=\"text-align: center;\"><span style=\"color: #282828;\"><strong><span style=\"font-size: 140%;\">Sichere und zug\u00e4ngliche Schlie\u00dff\u00e4cher rund um die Uhr<\/span><\/strong><\/span><\/h1>\n[\/vc_column_text][\/vc_column_inner][\/vc_row_inner][vc_row_inner gap=&#8220;35&#8243;][vc_column_inner][vc_column_text css=&#8220;&#8220;]\n<p style=\"text-align: center;\"><span style=\"font-weight: 400;\">Bist du fr\u00fch in Valencia angekommen und kannst noch nicht in deine Unterkunft? Oder hast du einen Flug am Nachmittag und wei\u00dft nicht, was du mit deinem Gep\u00e4ck machen sollst? Keine Sorge! Bei\u00a0<\/span><b>Easy Lockers Valencia<\/b><span style=\"font-weight: 400;\">\u00a0bieten wir dir einen sicheren und praktischen Raum, um deine Sachen vor oder nach deinem Aufenthalt zu verstauen. Und das Beste: Wir haben\u00a0<\/span><b>24 Stunden<\/b><span style=\"font-weight: 400;\"> ge\u00f6ffnet! Denn wir wissen, dass Pl\u00e4ne nicht immer einem normalen Zeitplan folgen.<\/span><\/p>\n<p style=\"text-align: center;\"><strong>Du hast drei Gr\u00f6\u00dfen zur Auswahl f\u00fcr dein Gep\u00e4ckfach<\/strong><\/p>\n[\/vc_column_text][\/vc_column_inner][\/vc_row_inner][vc_row_inner gap=&#8220;35&#8243;][vc_column_inner width=&#8220;1\/3&#8243; css=&#8220;.vc_custom_1741795246697{border-top-width: 2px !important;border-right-width: 2px !important;border-bottom-width: 2px !important;border-left-width: 2px !important;border-left-style: dotted !important;border-right-style: dotted !important;border-top-style: dotted !important;border-bottom-style: dotted !important;border-radius: 25px !important;border-color: #000000 !important;}&#8220;][vc_column_text css=&#8220;&#8220;]\n<p style=\"text-align: center;\"><span style=\"font-size: 300%;\"><strong>M<\/strong><\/span><\/p>\n[\/vc_column_text][vc_single_image image=&#8220;82&#8243; alignment=&#8220;center&#8220; css=&#8220;&#8220; img_size=&#8220;500&#215;500&#8243;][vc_column_text css=&#8220;&#8220;]\n<h3 style=\"text-align: center;\">MITTELFACH<br \/>\n4,95\u20ac\/Tag<\/h3>\n[\/vc_column_text][vc_column_text css=&#8220;&#8220;]\n<p style=\"text-align: center;\">H\u00f6he: 290 mm H<br \/>\nTiefe: 575 mm T<br \/>\nBreite: 436 mm B<\/p>\n[\/vc_column_text][vc_column_text css=&#8220;&#8220;]\n<p style=\"text-align: center;\"><strong>1 Handgep\u00e4ck + 1 Handtasche<\/strong><\/p>\n[\/vc_column_text][vc_empty_space height=&#8220;24px&#8220;][vc_btn style=&#8220;custom&#8220; custom_background=&#8220;#32B9C4&#8243; custom_text=&#8220;#FFFFFF&#8220; size=&#8220;lg&#8220; align=&#8220;center&#8220; css=&#8220;&#8220; title=&#8220;BUCHE DEIN SCHLIE\u00dfFACH&#8220; link=&#8220;url:https%3A%2F%2Feasylockersvalencia.drop-point.com%2Fbooking-engine%3Flocker_ref%3DEASYLOCKERSVALENCIA01%26locale%3Dde&#8220;][vc_empty_space height=&#8220;32px&#8220;][\/vc_column_inner][vc_column_inner width=&#8220;1\/3&#8243; css=&#8220;.vc_custom_1741795326110{border-top-width: 2px !important;border-right-width: 2px !important;border-bottom-width: 2px !important;border-left-width: 2px !important;border-left-style: dotted !important;border-right-style: dotted !important;border-top-style: dotted !important;border-bottom-style: dotted !important;border-radius: 25px !important;border-color: #000000 !important;}&#8220;][vc_column_text css=&#8220;&#8220;]\n<p style=\"text-align: center;\"><span style=\"font-size: 300%;\"><strong>L<\/strong><\/span><\/p>\n[\/vc_column_text][vc_single_image image=&#8220;81&#8243; alignment=&#8220;center&#8220; css=&#8220;&#8220; img_size=&#8220;500X500&#8243;][vc_column_text css=&#8220;&#8220;]\n<h3 style=\"text-align: center;\">GROSSES FACH<br \/>\n8,95\u20ac\/Tag<\/h3>\n[\/vc_column_text][vc_column_text css=&#8220;&#8220;]\n<p style=\"text-align: center;\">H\u00f6he: 560 mm H<br \/>\nTiefe: 575 mm T<br \/>\nBreite: 436 mm B<\/p>\n[\/vc_column_text][vc_column_text css=&#8220;&#8220;]\n<p style=\"text-align: center;\"><strong>2 Handgep\u00e4ck oder 2 Rucks\u00e4cke oder 1 mittlerer Koffer<\/strong><\/p>\n[\/vc_column_text][vc_btn style=&#8220;custom&#8220; custom_background=&#8220;#32B9C4&#8243; custom_text=&#8220;#FFFFFF&#8220; size=&#8220;lg&#8220; align=&#8220;center&#8220; css=&#8220;&#8220; title=&#8220;BUCHE DEIN SCHLIE\u00dfFACH&#8220; link=&#8220;url:https%3A%2F%2Feasylockersvalencia.drop-point.com%2Fbooking-engine%3Flocker_ref%3DEASYLOCKERSVALENCIA01%26locale%3Dde&#8220;][vc_empty_space height=&#8220;32px&#8220;][\/vc_column_inner][vc_column_inner width=&#8220;1\/3&#8243; css=&#8220;.vc_custom_1741795335404{border-top-width: 2px !important;border-right-width: 2px !important;border-bottom-width: 2px !important;border-left-width: 2px !important;border-left-style: dotted !important;border-right-style: dotted !important;border-top-style: dotted !important;border-bottom-style: dotted !important;border-radius: 25px !important;border-color: #000000 !important;}&#8220;][vc_column_text css=&#8220;&#8220;]\n<p style=\"text-align: center;\"><span style=\"font-size: 300%;\"><strong>XL<\/strong><\/span><\/p>\n[\/vc_column_text][vc_single_image image=&#8220;250&#8243; alignment=&#8220;center&#8220; css=&#8220;&#8220; img_size=&#8220;500X500&#8243;][vc_column_text css=&#8220;&#8220;]\n<h3 style=\"text-align: center;\">EXTRA-GROSSER SCHLIE\u00dfFACH<br \/>\n12,95\u20ac\/Tag<\/h3>\n[\/vc_column_text][vc_column_text css=&#8220;&#8220;]\n<p style=\"text-align: center;\">H\u00f6he: 856 mm H<br \/>\nTiefe: 575 mm T<br \/>\nBreite: 436 mm B<\/p>\n[\/vc_column_text][vc_column_text css=&#8220;&#8220;]\n<p style=\"text-align: center;\"><strong>1 gro\u00dfer Koffer oder 4 Handgep\u00e4ckst\u00fccke<\/strong><\/p>\n[\/vc_column_text][vc_btn style=&#8220;custom&#8220; custom_background=&#8220;#32B9C4&#8243; custom_text=&#8220;#FFFFFF&#8220; size=&#8220;lg&#8220; align=&#8220;center&#8220; css=&#8220;&#8220; title=&#8220;BUCHE DEIN SCHLIE\u00dfFACH&#8220; link=&#8220;url:https%3A%2F%2Feasylockersvalencia.drop-point.com%2Fbooking-engine%3Flocker_ref%3DEASYLOCKERSVALENCIA01%26locale%3Dde&#8220;][vc_empty_space height=&#8220;32px&#8220;][\/vc_column_inner][\/vc_row_inner][\/vc_column][\/vc_row][vc_row css=&#8220;.vc_custom_1741797023993{padding-top: 3% !important;padding-right: 10% !important;padding-bottom: 3% !important;padding-left: 10% !important;background-color: #32B9C4 !important;}&#8220;][vc_column][vc_row_inner][vc_column_inner][vc_empty_space height=&#8220;32px&#8220;][vc_column_text css=&#8220;&#8220;]\n<h3 style=\"text-align: center;\"><span style=\"color: #282828; font-size: 180%;\" data-text-color=\"success\"><strong>Es ist ganz einfach, dein Gep\u00e4ck zu verstauen!<\/strong><\/span><\/h3>\n[\/vc_column_text][\/vc_column_inner][\/vc_row_inner][vc_row_inner gap=&#8220;35&#8243;][vc_column_inner][vc_column_text css=&#8220;&#8220;]\n<p style=\"text-align: center;\"><span data-text-color=\"success\"><span style=\"font-weight: 400;\">Zuerst gib den Code ein, den du nach deiner Buchung per E-Mail erhalten hast, oder scanne den QR-Code. <\/span><span style=\"font-weight: 400;\">Gib dann den Code erneut auf dem inneren Bildschirm ein. Dein Fach \u00f6ffnet sich automatisch. <\/span><span style=\"font-weight: 400;\">\u00dcberpr\u00fcfe die Nummer deines Fachs, lege dein Gep\u00e4ck hinein und schlie\u00dfe die T\u00fcr des Fachs. <\/span><span style=\"font-weight: 400;\">Du kannst jederzeit auf das Fach zugreifen, das du reserviert hast,\u00a0<\/span><b>von 07:00 Uhr bis 06:59 Uhr des n\u00e4chsten Tages.<\/b><span style=\"font-weight: 400;\">\u00a0<\/span><\/span><\/p>\n[\/vc_column_text][\/vc_column_inner][\/vc_row_inner][vc_row_inner gap=&#8220;35&#8243;][vc_column_inner width=&#8220;1\/3&#8243; css=&#8220;.vc_custom_1741798777338{background-color: #FFFFFF !important;border-radius: 50px !important;}&#8220;][vc_column_text css=&#8220;&#8220;]\n<p style=\"text-align: left;\"><img loading=\"lazy\" decoding=\"async\" class=\"alignnone wp-image-112 alignleft\" src=\"https:\/\/www.easylockersvalencia.com\/wp-content\/uploads\/2025\/03\/uno.png\" alt=\"\" width=\"50\" height=\"50\" srcset=\"https:\/\/easylockersvalencia.com\/wp-content\/uploads\/2025\/03\/uno.png 256w, https:\/\/easylockersvalencia.com\/wp-content\/uploads\/2025\/03\/uno-150x150.png 150w\" sizes=\"auto, (max-width: 50px) 100vw, 50px\" \/>W\u00c4HLE DIE GR\u00d6SSE DEINES SCHLIE\u00dfFACHES<\/p>\n[\/vc_column_text][\/vc_column_inner][vc_column_inner width=&#8220;1\/3&#8243; css=&#8220;.vc_custom_1741799006774{background-color: #FFFFFF !important;border-radius: 50px !important;}&#8220;][vc_column_text css=&#8220;&#8220;]\n<p style=\"text-align: left;\"><img loading=\"lazy\" decoding=\"async\" class=\"alignnone alignleft\" src=\"https:\/\/www.easylockersvalencia.com\/wp-content\/uploads\/2025\/03\/dos.png\" alt=\"\" width=\"50\" height=\"50\" \/>BUCHEN UND ONLINE BEZAHLEN<\/p>\n[\/vc_column_text][\/vc_column_inner][vc_column_inner width=&#8220;1\/3&#8243; css=&#8220;.vc_custom_1741799033970{background-color: #FFFFFF !important;border-radius: 50px !important;}&#8220;][vc_column_text css=&#8220;&#8220;]\n<p style=\"text-align: left;\"><img loading=\"lazy\" decoding=\"async\" class=\"alignnone alignleft\" src=\"https:\/\/www.easylockersvalencia.com\/wp-content\/uploads\/2025\/03\/tres.png\" alt=\"\" width=\"50\" height=\"50\" \/>ERHALTE DEN CODE F\u00dcR DAS SCHLIE\u00dfFACH<\/p>\n[\/vc_column_text][\/vc_column_inner][\/vc_row_inner][\/vc_column][\/vc_row][vc_row][vc_column][vc_row_inner][vc_column_inner][vc_gmaps link=&#8220;#E-8_JTNDaWZyYW1lJTIwc3JjJTNEJTIyaHR0cHMlM0ElMkYlMkZ3d3cuZ29vZ2xlLmNvbSUyRm1hcHMlMkZlbWJlZCUzRnBiJTNEJTIxMW0xOCUyMTFtMTIlMjExbTMlMjExZDMwODAuMjM3NTc5Njg0MjM0MyUyMTJkLTAuMzc1NzU1NjI0MDM1ODA5OSUyMTNkMzkuNDYzOTYxMTcxNjA4NjElMjEybTMlMjExZjAlMjEyZjAlMjEzZjAlMjEzbTIlMjExaTEwMjQlMjEyaTc2OCUyMTRmMTMuMSUyMTNtMyUyMTFtMiUyMTFzMHhkNjA0OGNhOGQ5NTdlYmYlMjUzQTB4ZjkxOTBhZDQ4Yjc4ZjA5MyUyMTJzQy4lMjUyMGRlJTI1MjBSdXphZmElMjUyQyUyNTIwNDYlMjUyQyUyNTIwRW5zYW5jaGUlMjUyQyUyNTIwNDYwMDYlMjUyMFZhbGVuY2lhJTIxNWUwJTIxM20yJTIxMXNlcyUyMTJzZXNlcyUyMiUyMHdpZHRoJTNEJTIyNjAwJTIyJTIwaGVpZ2h0JTNEJTIyNDUwJTIyJTIwc3R5bGUlM0QlMjJib3JkZXIlM0EwJTNCJTIyJTIwYWxsb3dmdWxsc2NyZWVuJTNEJTIyJTIyJTIwbG9hZGluZyUzRCUyMmxhenklMjIlMjByZWZlcnJlcnBvbGljeSUzRCUyMm5vLXJlZmVycmVyLXdoZW4tZG93bmdyYWRlJTIyJTNFJTNDJTJGaWZyYW1lJTNF&#8220; css=&#8220;&#8220; size=&#8220;standard&#8220;][\/vc_column_inner][\/vc_row_inner][\/vc_column][\/vc_row][vc_row css=&#8220;.vc_custom_1741800188976{padding-top: 3% !important;padding-right: 10% !important;padding-bottom: 3% !important;padding-left: 10% !important;}&#8220;][vc_column][vc_row_inner][vc_column_inner][vc_empty_space height=&#8220;32px&#8220;][vc_column_text css=&#8220;&#8220;]\n<h3 style=\"text-align: center;\"><span style=\"color: #282828; font-size: 250%;\"><strong>Wir l\u00f6sen alle deine Fragen<\/strong><\/span><\/h3>\n[\/vc_column_text][\/vc_column_inner][\/vc_row_inner][vc_row_inner gap=&#8220;35&#8243;][vc_column_inner][vc_column_text css=&#8220;&#8220;]\n<p style=\"text-align: center;\" data-start=\"0\" data-end=\"247\"><span style=\"font-size: 120%;\">Wenn du ein Problem hast, kontaktiere uns unter <span style=\"text-decoration: underline;\">info@easylockersvalencia.com<span style=\"color: #ffffff; text-decoration: underline;\"><strong><a style=\"color: #ffffff; text-decoration: underline;\" rel=\"noopener\" data-start=\"47\" data-end=\"75\">i<\/a><\/strong><\/span><\/span> oder unter <strong>639 524 983<\/strong>. Buchungen k\u00f6nnen bis zu 48 Stunden im Voraus ge\u00e4ndert oder storniert werden, indem du uns eine E-Mail sendest. Eine Stornierung kann je nach Zahlungsmethode Geb\u00fchren verursachen.<\/span><\/p>\n<p style=\"text-align: center;\" data-start=\"249\" data-end=\"398\" data-is-last-node=\"\" data-is-only-node=\"\"><span style=\"font-size: 120%;\">Wir sind hier, um dir zu helfen, alle Fragen beantworten wir gerne. Und wenn du mehr Informationen ben\u00f6tigst, <strong data-start=\"360\" data-end=\"398\" data-is-last-node=\"\">schau dir die h\u00e4ufig gestellten Fragen an.<\/strong><\/span><\/p>\n[\/vc_column_text][\/vc_column_inner][\/vc_row_inner][vc_row_inner][vc_column_inner width=&#8220;1\/4&#8243;][\/vc_column_inner][vc_column_inner width=&#8220;1\/2&#8243;][vc_btn style=&#8220;custom&#8220; custom_background=&#8220;#32B9C4&#8243; custom_text=&#8220;#FFFFFF&#8220; size=&#8220;lg&#8220; align=&#8220;center&#8220; css=&#8220;&#8220; button_block=&#8220;true&#8220; title=&#8220;H\u00c4UFIG GESTELLTE FRAGEN&#8220; link=&#8220;url:https%3A%2F%2Fwww.easylockersvalencia.com%2Fde%2Ffaqs%2F|title:FAQS&#8220;][\/vc_column_inner][vc_column_inner width=&#8220;1\/4&#8243;][\/vc_column_inner][\/vc_row_inner][\/vc_column][\/vc_row]\n<\/div>","protected":false},"excerpt":{"rendered":"[vc_row css=&#8220;.vc_custom_1741862943795{padding-top: 4% !important;padding-bottom: 4% !important;background-image: url(https:\/\/www.easylockersvalencia.com\/wp-content\/uploads\/2025\/03\/taquillas-maletas-valencia-centro.jpg?id=168) !important;background-position: center !important;background-repeat: no-repeat !important;background-size: cover !important;}&#8220;][vc_column][vc_column_text css=&#8220;&#8220;] Preise f\u00fcr Schlie\u00dff\u00e4cher [\/vc_column_text][\/vc_column][\/vc_row][vc_row css=&#8220;.vc_custom_1741791397247{padding-top: 3% !important;padding-right: 10% !important;padding-bottom: 3% !important;padding-left: 10% !important;}&#8220;][vc_column][vc_row_inner][vc_column_inner][vc_empty_space height=&#8220;32px&#8220;][vc_column_text css=&#8220;&#8220;] Sichere und zug\u00e4ngliche Schlie\u00dff\u00e4cher rund um die Uhr [\/vc_column_text][\/vc_column_inner][\/vc_row_inner][vc_row_inner gap=&#8220;35&#8243;][vc_column_inner][vc_column_text css=&#8220;&#8220;] Bist du fr\u00fch in Valencia angekommen und kannst noch nicht in deine Unterkunft? Oder [&#8230;]\n","protected":false},"author":1,"featured_media":809,"parent":0,"menu_order":0,"comment_status":"closed","ping_status":"closed","template":"page-blank.php","meta":{"footnotes":""},"class_list":["post-331","page","type-page","status-publish","has-post-thumbnail","hentry"],"yoast_head":"<!-- This site is optimized with the Yoast SEO plugin v27.5 - https:\/\/yoast.com\/product\/yoast-seo-wordpress\/ -->\n<title>PREISE - easylockersvalencia.com<\/title>\n<meta name=\"robots\" content=\"index, follow, max-snippet:-1, max-image-preview:large, max-video-preview:-1\" \/>\n<link rel=\"canonical\" href=\"https:\/\/easylockersvalencia.com\/de\/tarifas\/\" \/>\n<meta property=\"og:locale\" content=\"de_DE\" \/>\n<meta property=\"og:type\" content=\"article\" \/>\n<meta property=\"og:title\" content=\"PREISE - easylockersvalencia.com\" \/>\n<meta property=\"og:description\" content=\"[vc_row css=&#8220;.vc_custom_1741862943795{padding-top: 4% !important;padding-bottom: 4% !important;background-image: url(https:\/\/www.easylockersvalencia.com\/wp-content\/uploads\/2025\/03\/taquillas-maletas-valencia-centro.jpg?id=168) !important;background-position: center !important;background-repeat: no-repeat !important;background-size: cover !important;}&#8220;][vc_column][vc_column_text css=&#8220;&#8220;] Preise f\u00fcr Schlie\u00dff\u00e4cher [\/vc_column_text][\/vc_column][\/vc_row][vc_row css=&#8220;.vc_custom_1741791397247{padding-top: 3% !important;padding-right: 10% !important;padding-bottom: 3% !important;padding-left: 10% !important;}&#8220;][vc_column][vc_row_inner][vc_column_inner][vc_empty_space height=&#8220;32px&#8220;][vc_column_text css=&#8220;&#8220;] Sichere und zug\u00e4ngliche Schlie\u00dff\u00e4cher rund um die Uhr [\/vc_column_text][\/vc_column_inner][\/vc_row_inner][vc_row_inner gap=&#8220;35&#8243;][vc_column_inner][vc_column_text css=&#8220;&#8220;] Bist du fr\u00fch in Valencia angekommen und kannst noch nicht in deine Unterkunft? Oder [...]\" \/>\n<meta property=\"og:url\" content=\"https:\/\/easylockersvalencia.com\/de\/tarifas\/\" \/>\n<meta property=\"og:site_name\" content=\"easylockersvalencia.com\" \/>\n<meta property=\"article:publisher\" content=\"https:\/\/www.facebook.com\/people\/Easy-Lockers-Valencia\/61579423589876\/\" \/>\n<meta property=\"article:modified_time\" content=\"2025-03-17T11:00:40+00:00\" \/>\n<meta property=\"og:image\" content=\"https:\/\/www.easylockersvalencia.com\/wp-content\/uploads\/2025\/03\/uno.png\" \/>\n<meta name=\"twitter:card\" content=\"summary_large_image\" \/>\n<meta name=\"twitter:label1\" content=\"Gesch\u00e4tzte Lesezeit\" \/>\n\t<meta name=\"twitter:data1\" content=\"4\u00a0Minuten\" \/>\n<script type=\"application\/ld+json\" class=\"yoast-schema-graph\">{\"@context\":\"https:\\\/\\\/schema.org\",\"@graph\":[{\"@type\":\"WebPage\",\"@id\":\"https:\\\/\\\/easylockersvalencia.com\\\/de\\\/tarifas\\\/\",\"url\":\"https:\\\/\\\/easylockersvalencia.com\\\/de\\\/tarifas\\\/\",\"name\":\"PREISE - easylockersvalencia.com\",\"isPartOf\":{\"@id\":\"https:\\\/\\\/easylockersvalencia.com\\\/#website\"},\"primaryImageOfPage\":{\"@id\":\"https:\\\/\\\/easylockersvalencia.com\\\/de\\\/tarifas\\\/#primaryimage\"},\"image\":{\"@id\":\"https:\\\/\\\/easylockersvalencia.com\\\/de\\\/tarifas\\\/#primaryimage\"},\"thumbnailUrl\":\"https:\\\/\\\/easylockersvalencia.com\\\/wp-content\\\/uploads\\\/2025\\\/03\\\/EASY-LOCKERS.png\",\"datePublished\":\"2025-03-06T15:24:41+00:00\",\"dateModified\":\"2025-03-17T11:00:40+00:00\",\"breadcrumb\":{\"@id\":\"https:\\\/\\\/easylockersvalencia.com\\\/de\\\/tarifas\\\/#breadcrumb\"},\"inLanguage\":\"de\",\"potentialAction\":[{\"@type\":\"ReadAction\",\"target\":[\"https:\\\/\\\/easylockersvalencia.com\\\/de\\\/tarifas\\\/\"]}]},{\"@type\":\"ImageObject\",\"inLanguage\":\"de\",\"@id\":\"https:\\\/\\\/easylockersvalencia.com\\\/de\\\/tarifas\\\/#primaryimage\",\"url\":\"https:\\\/\\\/easylockersvalencia.com\\\/wp-content\\\/uploads\\\/2025\\\/03\\\/EASY-LOCKERS.png\",\"contentUrl\":\"https:\\\/\\\/easylockersvalencia.com\\\/wp-content\\\/uploads\\\/2025\\\/03\\\/EASY-LOCKERS.png\",\"width\":1000,\"height\":553,\"caption\":\"Logo de EasyLockes Valencia\"},{\"@type\":\"BreadcrumbList\",\"@id\":\"https:\\\/\\\/easylockersvalencia.com\\\/de\\\/tarifas\\\/#breadcrumb\",\"itemListElement\":[{\"@type\":\"ListItem\",\"position\":1,\"name\":\"Portada\",\"item\":\"https:\\\/\\\/easylockersvalencia.com\\\/de\\\/\"},{\"@type\":\"ListItem\",\"position\":2,\"name\":\"PREISE\"}]},{\"@type\":\"WebSite\",\"@id\":\"https:\\\/\\\/easylockersvalencia.com\\\/#website\",\"url\":\"https:\\\/\\\/easylockersvalencia.com\\\/\",\"name\":\"EasyLockers\",\"description\":\"Taquillas en Valencia\",\"publisher\":{\"@id\":\"https:\\\/\\\/easylockersvalencia.com\\\/#organization\"},\"alternateName\":\"EasyLockers Valencia | Consignas de Equipaje\",\"potentialAction\":[{\"@type\":\"SearchAction\",\"target\":{\"@type\":\"EntryPoint\",\"urlTemplate\":\"https:\\\/\\\/easylockersvalencia.com\\\/?s={search_term_string}\"},\"query-input\":{\"@type\":\"PropertyValueSpecification\",\"valueRequired\":true,\"valueName\":\"search_term_string\"}}],\"inLanguage\":\"de\"},{\"@type\":\"Organization\",\"@id\":\"https:\\\/\\\/easylockersvalencia.com\\\/#organization\",\"name\":\"EasyLockers\",\"alternateName\":\"Easy Lockers Valencia | Consignas de Equipaje\",\"url\":\"https:\\\/\\\/easylockersvalencia.com\\\/\",\"logo\":{\"@type\":\"ImageObject\",\"inLanguage\":\"de\",\"@id\":\"https:\\\/\\\/easylockersvalencia.com\\\/#\\\/schema\\\/logo\\\/image\\\/\",\"url\":\"https:\\\/\\\/easylockersvalencia.com\\\/wp-content\\\/uploads\\\/2025\\\/03\\\/EASY-LOCKERS.png\",\"contentUrl\":\"https:\\\/\\\/easylockersvalencia.com\\\/wp-content\\\/uploads\\\/2025\\\/03\\\/EASY-LOCKERS.png\",\"width\":1000,\"height\":553,\"caption\":\"EasyLockers\"},\"image\":{\"@id\":\"https:\\\/\\\/easylockersvalencia.com\\\/#\\\/schema\\\/logo\\\/image\\\/\"},\"sameAs\":[\"https:\\\/\\\/www.facebook.com\\\/people\\\/Easy-Lockers-Valencia\\\/61579423589876\\\/\",\"https:\\\/\\\/www.instagram.com\\\/easy.lockers\\\/\"]}]}<\/script>\n<!-- \/ Yoast SEO plugin. -->","yoast_head_json":{"title":"PREISE - easylockersvalencia.com","robots":{"index":"index","follow":"follow","max-snippet":"max-snippet:-1","max-image-preview":"max-image-preview:large","max-video-preview":"max-video-preview:-1"},"canonical":"https:\/\/easylockersvalencia.com\/de\/tarifas\/","og_locale":"de_DE","og_type":"article","og_title":"PREISE - easylockersvalencia.com","og_description":"[vc_row css=&#8220;.vc_custom_1741862943795{padding-top: 4% !important;padding-bottom: 4% !important;background-image: url(https:\/\/www.easylockersvalencia.com\/wp-content\/uploads\/2025\/03\/taquillas-maletas-valencia-centro.jpg?id=168) !important;background-position: center !important;background-repeat: no-repeat !important;background-size: cover !important;}&#8220;][vc_column][vc_column_text css=&#8220;&#8220;] Preise f\u00fcr Schlie\u00dff\u00e4cher [\/vc_column_text][\/vc_column][\/vc_row][vc_row css=&#8220;.vc_custom_1741791397247{padding-top: 3% !important;padding-right: 10% !important;padding-bottom: 3% !important;padding-left: 10% !important;}&#8220;][vc_column][vc_row_inner][vc_column_inner][vc_empty_space height=&#8220;32px&#8220;][vc_column_text css=&#8220;&#8220;] Sichere und zug\u00e4ngliche Schlie\u00dff\u00e4cher rund um die Uhr [\/vc_column_text][\/vc_column_inner][\/vc_row_inner][vc_row_inner gap=&#8220;35&#8243;][vc_column_inner][vc_column_text css=&#8220;&#8220;] Bist du fr\u00fch in Valencia angekommen und kannst noch nicht in deine Unterkunft? Oder [...]","og_url":"https:\/\/easylockersvalencia.com\/de\/tarifas\/","og_site_name":"easylockersvalencia.com","article_publisher":"https:\/\/www.facebook.com\/people\/Easy-Lockers-Valencia\/61579423589876\/","article_modified_time":"2025-03-17T11:00:40+00:00","og_image":[{"url":"https:\/\/www.easylockersvalencia.com\/wp-content\/uploads\/2025\/03\/uno.png","type":"","width":"","height":""}],"twitter_card":"summary_large_image","twitter_misc":{"Gesch\u00e4tzte Lesezeit":"4\u00a0Minuten"},"schema":{"@context":"https:\/\/schema.org","@graph":[{"@type":"WebPage","@id":"https:\/\/easylockersvalencia.com\/de\/tarifas\/","url":"https:\/\/easylockersvalencia.com\/de\/tarifas\/","name":"PREISE - easylockersvalencia.com","isPartOf":{"@id":"https:\/\/easylockersvalencia.com\/#website"},"primaryImageOfPage":{"@id":"https:\/\/easylockersvalencia.com\/de\/tarifas\/#primaryimage"},"image":{"@id":"https:\/\/easylockersvalencia.com\/de\/tarifas\/#primaryimage"},"thumbnailUrl":"https:\/\/easylockersvalencia.com\/wp-content\/uploads\/2025\/03\/EASY-LOCKERS.png","datePublished":"2025-03-06T15:24:41+00:00","dateModified":"2025-03-17T11:00:40+00:00","breadcrumb":{"@id":"https:\/\/easylockersvalencia.com\/de\/tarifas\/#breadcrumb"},"inLanguage":"de","potentialAction":[{"@type":"ReadAction","target":["https:\/\/easylockersvalencia.com\/de\/tarifas\/"]}]},{"@type":"ImageObject","inLanguage":"de","@id":"https:\/\/easylockersvalencia.com\/de\/tarifas\/#primaryimage","url":"https:\/\/easylockersvalencia.com\/wp-content\/uploads\/2025\/03\/EASY-LOCKERS.png","contentUrl":"https:\/\/easylockersvalencia.com\/wp-content\/uploads\/2025\/03\/EASY-LOCKERS.png","width":1000,"height":553,"caption":"Logo de EasyLockes Valencia"},{"@type":"BreadcrumbList","@id":"https:\/\/easylockersvalencia.com\/de\/tarifas\/#breadcrumb","itemListElement":[{"@type":"ListItem","position":1,"name":"Portada","item":"https:\/\/easylockersvalencia.com\/de\/"},{"@type":"ListItem","position":2,"name":"PREISE"}]},{"@type":"WebSite","@id":"https:\/\/easylockersvalencia.com\/#website","url":"https:\/\/easylockersvalencia.com\/","name":"EasyLockers","description":"Taquillas en Valencia","publisher":{"@id":"https:\/\/easylockersvalencia.com\/#organization"},"alternateName":"EasyLockers Valencia | Consignas de Equipaje","potentialAction":[{"@type":"SearchAction","target":{"@type":"EntryPoint","urlTemplate":"https:\/\/easylockersvalencia.com\/?s={search_term_string}"},"query-input":{"@type":"PropertyValueSpecification","valueRequired":true,"valueName":"search_term_string"}}],"inLanguage":"de"},{"@type":"Organization","@id":"https:\/\/easylockersvalencia.com\/#organization","name":"EasyLockers","alternateName":"Easy Lockers Valencia | Consignas de Equipaje","url":"https:\/\/easylockersvalencia.com\/","logo":{"@type":"ImageObject","inLanguage":"de","@id":"https:\/\/easylockersvalencia.com\/#\/schema\/logo\/image\/","url":"https:\/\/easylockersvalencia.com\/wp-content\/uploads\/2025\/03\/EASY-LOCKERS.png","contentUrl":"https:\/\/easylockersvalencia.com\/wp-content\/uploads\/2025\/03\/EASY-LOCKERS.png","width":1000,"height":553,"caption":"EasyLockers"},"image":{"@id":"https:\/\/easylockersvalencia.com\/#\/schema\/logo\/image\/"},"sameAs":["https:\/\/www.facebook.com\/people\/Easy-Lockers-Valencia\/61579423589876\/","https:\/\/www.instagram.com\/easy.lockers\/"]}]}},"_links":{"self":[{"href":"https:\/\/easylockersvalencia.com\/de\/wp-json\/wp\/v2\/pages\/331","targetHints":{"allow":["GET"]}}],"collection":[{"href":"https:\/\/easylockersvalencia.com\/de\/wp-json\/wp\/v2\/pages"}],"about":[{"href":"https:\/\/easylockersvalencia.com\/de\/wp-json\/wp\/v2\/types\/page"}],"author":[{"embeddable":true,"href":"https:\/\/easylockersvalencia.com\/de\/wp-json\/wp\/v2\/users\/1"}],"replies":[{"embeddable":true,"href":"https:\/\/easylockersvalencia.com\/de\/wp-json\/wp\/v2\/comments?post=331"}],"version-history":[{"count":3,"href":"https:\/\/easylockersvalencia.com\/de\/wp-json\/wp\/v2\/pages\/331\/revisions"}],"predecessor-version":[{"id":332,"href":"https:\/\/easylockersvalencia.com\/de\/wp-json\/wp\/v2\/pages\/331\/revisions\/332"}],"wp:featuredmedia":[{"embeddable":true,"href":"https:\/\/easylockersvalencia.com\/de\/wp-json\/wp\/v2\/media\/809"}],"wp:attachment":[{"href":"https:\/\/easylockersvalencia.com\/de\/wp-json\/wp\/v2\/media?parent=331"}],"curies":[{"name":"wp","href":"https:\/\/api.w.org\/{rel}","templated":true}]}}