{"id":328,"date":"2025-03-06T15:24:52","date_gmt":"2025-03-06T15:24:52","guid":{"rendered":"https:\/\/easylockersvalencia.com\/nosotros\/"},"modified":"2025-03-17T11:24:06","modified_gmt":"2025-03-17T11:24:06","slug":"nosotros","status":"publish","type":"page","link":"https:\/\/easylockersvalencia.com\/de\/nosotros\/","title":{"rendered":"\u00dcBER UNS"},"content":{"rendered":"<div class=\"wpb-content-wrapper\">[vc_row css=&#8220;.vc_custom_1741863892061{padding-top: 4% !important;padding-bottom: 4% !important;background-image: url(https:\/\/www.easylockersvalencia.com\/wp-content\/uploads\/2025\/03\/Consigna-maletas-valencia-6.jpg?id=47) !important;background-position: center !important;background-repeat: no-repeat !important;background-size: cover !important;}&#8220;][vc_column][vc_column_text css=&#8220;&#8220;]\n<h1 style=\"text-align: center;\"><span style=\"font-size: 250%;\" data-text-color=\"success\"><strong>Wer wir sind<\/strong><\/span><\/h1>\n[\/vc_column_text][\/vc_column][\/vc_row][vc_row css=&#8220;.vc_custom_1741791397247{padding-top: 3% !important;padding-right: 10% !important;padding-bottom: 3% !important;padding-left: 10% !important;}&#8220;][vc_column][vc_row_inner][vc_column_inner][vc_empty_space height=&#8220;32px&#8220;][\/vc_column_inner][\/vc_row_inner][vc_row_inner gap=&#8220;35&#8243;][vc_column_inner][vc_column_text css=&#8220;&#8220;]\n<p style=\"text-align: center;\"><span style=\"font-weight: 400;\">Hallo! Willkommen bei\u00a0<\/span><b>Easy Lockers Valencia<\/b><span style=\"font-weight: 400;\">, deinem besten Partner, um dich ohne unn\u00f6tige Lasten in der Stadt zu bewegen.<\/span><\/p>\n<p style=\"text-align: center;\"><span style=\"font-weight: 400;\">Bist du fr\u00fch in Valencia angekommen und kannst noch nicht in deine Unterkunft? Oder hast du einen Flug am Nachmittag und wei\u00dft nicht, was du mit deinem Gep\u00e4ck machen sollst? Keine Sorge! Bei\u00a0<\/span><b>Easy Lockers Valencia<\/b><span style=\"font-weight: 400;\"> bieten wir dir einen sicheren und praktischen Raum, um deine Sachen vor oder nach deinem Aufenthalt aufzubewahren. Und das Beste: Wir sind\u00a0<\/span><b>24 Stunden<\/b><span style=\"font-weight: 400;\"> ge\u00f6ffnet! Denn wir wissen, dass Pl\u00e4ne nicht immer nach einem \u00fcblichen Zeitplan verlaufen.<\/span><\/p>\n<p style=\"text-align: center;\"><span style=\"font-weight: 400;\">Aber das ist noch nicht alles, denn wir m\u00f6chten deine Erfahrung noch einfacher machen. Stell dir vor, du kannst dein Gep\u00e4ck direkt von zu Hause aus verschicken und ohne Gep\u00e4ck fliegen! Mit uns ist das m\u00f6glich. Schicke uns dein Gep\u00e4ck und hole es in unseren Schlie\u00dff\u00e4chern ab, die sich in der\u00a0<\/span><b>Ruzafa Stra\u00dfe 46<\/b><span style=\"font-weight: 400;\">, im Herzen von Valencia befinden. So kannst du die Stadt mit v\u00f6lliger Freiheit erkunden, ohne Lasten oder Komplikationen.<\/span><\/p>\n<p style=\"text-align: center;\"><span style=\"font-weight: 400;\">Bei\u00a0<\/span><b>Easy Lockers Valencia<\/b><span style=\"font-weight: 400;\"> sorgen wir daf\u00fcr, dass deine Reise bequem, praktisch und stressfrei ist. Denn wir wissen, dass es wichtig ist, jeden Moment dieser unglaublichen Stadt voll auszunutzen!<\/span><\/p>\n<p style=\"text-align: center;\"><strong>Bereit, frei zu fliegen? Wir sehen uns in Ruzafa!<\/strong><\/p>\n[\/vc_column_text][\/vc_column_inner][\/vc_row_inner][\/vc_column][\/vc_row][vc_row][vc_column][vc_row_inner][vc_column_inner][vc_gmaps link=&#8220;#E-8_JTNDaWZyYW1lJTIwc3JjJTNEJTIyaHR0cHMlM0ElMkYlMkZ3d3cuZ29vZ2xlLmNvbSUyRm1hcHMlMkZlbWJlZCUzRnBiJTNEJTIxMW0xOCUyMTFtMTIlMjExbTMlMjExZDMwODAuMjM3NTc5Njg0MjM0MyUyMTJkLTAuMzc1NzU1NjI0MDM1ODA5OSUyMTNkMzkuNDYzOTYxMTcxNjA4NjElMjEybTMlMjExZjAlMjEyZjAlMjEzZjAlMjEzbTIlMjExaTEwMjQlMjEyaTc2OCUyMTRmMTMuMSUyMTNtMyUyMTFtMiUyMTFzMHhkNjA0OGNhOGQ5NTdlYmYlMjUzQTB4ZjkxOTBhZDQ4Yjc4ZjA5MyUyMTJzQy4lMjUyMGRlJTI1MjBSdXphZmElMjUyQyUyNTIwNDYlMjUyQyUyNTIwRW5zYW5jaGUlMjUyQyUyNTIwNDYwMDYlMjUyMFZhbGVuY2lhJTIxNWUwJTIxM20yJTIxMXNlcyUyMTJzZXMlMjE0djE3NDE3ODczMzg4MTUlMjE1bTIlMjExc2VzJTIxMnNlcyUyMiUyMHdpZHRoJTNEJTIyNjAwJTIyJTIwaGVpZ2h0JTNEJTIyNDUwJTIyJTIwc3R5bGUlM0QlMjJib3JkZXIlM0EwJTNCJTIyJTIwYWxsb3dmdWxsc2NyZWVuJTNEJTIyJTIyJTIwbG9hZGluZyUzRCUyMmxhenklMjIlMjByZWZlcnJlcnBvbGljeSUzRCUyMm5vLXJlZmVycmVyLXdoZW4tZG93bmdyYWRlJTIyJTNFJTNDJTJGaWZyYW1lJTNF&#8220; css=&#8220;&#8220; size=&#8220;standard&#8220;][\/vc_column_inner][\/vc_row_inner][\/vc_column][\/vc_row][vc_row css=&#8220;.vc_custom_1741800188976{padding-top: 3% !important;padding-right: 10% !important;padding-bottom: 3% !important;padding-left: 10% !important;}&#8220;][vc_column][vc_row_inner][vc_column_inner][vc_empty_space height=&#8220;32px&#8220;][vc_column_text css=&#8220;&#8220;]\n<h3 style=\"text-align: center;\"><span style=\"color: #282828; font-size: 250%;\"><strong>Wir l\u00f6sen alle deine Fragen<\/strong><\/span><\/h3>\n[\/vc_column_text][\/vc_column_inner][\/vc_row_inner][vc_row_inner gap=&#8220;35&#8243;][vc_column_inner][vc_column_text css=&#8220;&#8220;]\n<p style=\"text-align: center;\" data-start=\"0\" data-end=\"247\"><span style=\"font-size: 120%;\">Wenn du ein Problem hast, kontaktiere uns unter <span style=\"text-decoration: underline;\">info@easylockersvalencia.com<span style=\"color: #ffffff; text-decoration: underline;\"><strong><a style=\"color: #ffffff; text-decoration: underline;\" rel=\"noopener\" data-start=\"47\" data-end=\"75\">i<\/a><\/strong><\/span><\/span> oder unter <strong>639 524 983<\/strong>. Reservierungen k\u00f6nnen mit einer Vorank\u00fcndigung von 48 Stunden per E-Mail ge\u00e4ndert oder storniert werden. Die Stornierung kann je nach Zahlungsland Geb\u00fchren verursachen.<\/span><\/p>\n<p style=\"text-align: center;\" data-start=\"249\" data-end=\"398\" data-is-last-node=\"\" data-is-only-node=\"\"><span style=\"font-size: 120%;\">Wir sind hier, um dir zu helfen, jede Frage, die du hast, beantworten wir gerne. Und wenn du mehr Informationen ben\u00f6tigst, <strong data-start=\"360\" data-end=\"398\" data-is-last-node=\"\">konsultiere die h\u00e4ufig gestellten Fragen.<\/strong><\/span><\/p>\n[\/vc_column_text][\/vc_column_inner][\/vc_row_inner][vc_row_inner][vc_column_inner width=&#8220;1\/4&#8243;][\/vc_column_inner][vc_column_inner width=&#8220;1\/2&#8243;][vc_btn style=&#8220;custom&#8220; custom_background=&#8220;#32B9C4&#8243; custom_text=&#8220;#FFFFFF&#8220; size=&#8220;lg&#8220; align=&#8220;center&#8220; css=&#8220;&#8220; button_block=&#8220;true&#8220; title=&#8220;H\u00c4UFIG GESTELLTE FRAGEN&#8220; link=&#8220;url:https%3A%2F%2Fwww.easylockersvalencia.com%2Fde%2Ffaqs%2F|title:FAQS&#8220;][\/vc_column_inner][vc_column_inner width=&#8220;1\/4&#8243;][\/vc_column_inner][\/vc_row_inner][\/vc_column][\/vc_row]\n<\/div>","protected":false},"excerpt":{"rendered":"[vc_row css=&#8220;.vc_custom_1741863892061{padding-top: 4% !important;padding-bottom: 4% !important;background-image: url(https:\/\/www.easylockersvalencia.com\/wp-content\/uploads\/2025\/03\/Consigna-maletas-valencia-6.jpg?id=47) !important;background-position: center !important;background-repeat: no-repeat !important;background-size: cover !important;}&#8220;][vc_column][vc_column_text css=&#8220;&#8220;] Wer wir sind [\/vc_column_text][\/vc_column][\/vc_row][vc_row css=&#8220;.vc_custom_1741791397247{padding-top: 3% !important;padding-right: 10% !important;padding-bottom: 3% !important;padding-left: 10% !important;}&#8220;][vc_column][vc_row_inner][vc_column_inner][vc_empty_space height=&#8220;32px&#8220;][\/vc_column_inner][\/vc_row_inner][vc_row_inner gap=&#8220;35&#8243;][vc_column_inner][vc_column_text css=&#8220;&#8220;] Hallo! Willkommen bei\u00a0Easy Lockers Valencia, deinem besten Partner, um dich ohne unn\u00f6tige Lasten in der Stadt zu bewegen. Bist du fr\u00fch in Valencia angekommen [&#8230;]\n","protected":false},"author":1,"featured_media":0,"parent":0,"menu_order":0,"comment_status":"closed","ping_status":"closed","template":"page-blank.php","meta":{"footnotes":""},"class_list":["post-328","page","type-page","status-publish","hentry"],"yoast_head":"<!-- This site is optimized with the Yoast SEO plugin v27.5 - https:\/\/yoast.com\/product\/yoast-seo-wordpress\/ -->\n<title>\u00dcBER UNS - easylockersvalencia.com<\/title>\n<meta name=\"robots\" content=\"index, follow, max-snippet:-1, max-image-preview:large, max-video-preview:-1\" \/>\n<link rel=\"canonical\" href=\"https:\/\/easylockersvalencia.com\/de\/nosotros\/\" \/>\n<meta property=\"og:locale\" content=\"de_DE\" \/>\n<meta property=\"og:type\" content=\"article\" \/>\n<meta property=\"og:title\" content=\"\u00dcBER UNS - easylockersvalencia.com\" \/>\n<meta property=\"og:description\" content=\"[vc_row css=&#8220;.vc_custom_1741863892061{padding-top: 4% !important;padding-bottom: 4% !important;background-image: url(https:\/\/www.easylockersvalencia.com\/wp-content\/uploads\/2025\/03\/Consigna-maletas-valencia-6.jpg?id=47) !important;background-position: center !important;background-repeat: no-repeat !important;background-size: cover !important;}&#8220;][vc_column][vc_column_text css=&#8220;&#8220;] Wer wir sind [\/vc_column_text][\/vc_column][\/vc_row][vc_row css=&#8220;.vc_custom_1741791397247{padding-top: 3% !important;padding-right: 10% !important;padding-bottom: 3% !important;padding-left: 10% !important;}&#8220;][vc_column][vc_row_inner][vc_column_inner][vc_empty_space height=&#8220;32px&#8220;][\/vc_column_inner][\/vc_row_inner][vc_row_inner gap=&#8220;35&#8243;][vc_column_inner][vc_column_text css=&#8220;&#8220;] Hallo! Willkommen bei\u00a0Easy Lockers Valencia, deinem besten Partner, um dich ohne unn\u00f6tige Lasten in der Stadt zu bewegen. Bist du fr\u00fch in Valencia angekommen [...]\" \/>\n<meta property=\"og:url\" content=\"https:\/\/easylockersvalencia.com\/de\/nosotros\/\" \/>\n<meta property=\"og:site_name\" content=\"easylockersvalencia.com\" \/>\n<meta property=\"article:publisher\" content=\"https:\/\/www.facebook.com\/people\/Easy-Lockers-Valencia\/61579423589876\/\" \/>\n<meta property=\"article:modified_time\" content=\"2025-03-17T11:24:06+00:00\" \/>\n<meta property=\"og:image\" content=\"https:\/\/easylockersvalencia.com\/wp-content\/uploads\/2025\/03\/EASY-LOCKERS.png\" \/>\n\t<meta property=\"og:image:width\" content=\"1000\" \/>\n\t<meta property=\"og:image:height\" content=\"553\" \/>\n\t<meta property=\"og:image:type\" content=\"image\/png\" \/>\n<meta name=\"twitter:card\" content=\"summary_large_image\" \/>\n<meta name=\"twitter:label1\" content=\"Gesch\u00e4tzte Lesezeit\" \/>\n\t<meta name=\"twitter:data1\" content=\"2\u00a0Minuten\" \/>\n<script type=\"application\/ld+json\" class=\"yoast-schema-graph\">{\"@context\":\"https:\\\/\\\/schema.org\",\"@graph\":[{\"@type\":\"WebPage\",\"@id\":\"https:\\\/\\\/easylockersvalencia.com\\\/de\\\/nosotros\\\/\",\"url\":\"https:\\\/\\\/easylockersvalencia.com\\\/de\\\/nosotros\\\/\",\"name\":\"\u00dcBER UNS - easylockersvalencia.com\",\"isPartOf\":{\"@id\":\"https:\\\/\\\/easylockersvalencia.com\\\/#website\"},\"datePublished\":\"2025-03-06T15:24:52+00:00\",\"dateModified\":\"2025-03-17T11:24:06+00:00\",\"breadcrumb\":{\"@id\":\"https:\\\/\\\/easylockersvalencia.com\\\/de\\\/nosotros\\\/#breadcrumb\"},\"inLanguage\":\"de\",\"potentialAction\":[{\"@type\":\"ReadAction\",\"target\":[\"https:\\\/\\\/easylockersvalencia.com\\\/de\\\/nosotros\\\/\"]}]},{\"@type\":\"BreadcrumbList\",\"@id\":\"https:\\\/\\\/easylockersvalencia.com\\\/de\\\/nosotros\\\/#breadcrumb\",\"itemListElement\":[{\"@type\":\"ListItem\",\"position\":1,\"name\":\"Portada\",\"item\":\"https:\\\/\\\/easylockersvalencia.com\\\/de\\\/\"},{\"@type\":\"ListItem\",\"position\":2,\"name\":\"\u00dcBER UNS\"}]},{\"@type\":\"WebSite\",\"@id\":\"https:\\\/\\\/easylockersvalencia.com\\\/#website\",\"url\":\"https:\\\/\\\/easylockersvalencia.com\\\/\",\"name\":\"EasyLockers\",\"description\":\"Taquillas en Valencia\",\"publisher\":{\"@id\":\"https:\\\/\\\/easylockersvalencia.com\\\/#organization\"},\"alternateName\":\"EasyLockers Valencia | Consignas de Equipaje\",\"potentialAction\":[{\"@type\":\"SearchAction\",\"target\":{\"@type\":\"EntryPoint\",\"urlTemplate\":\"https:\\\/\\\/easylockersvalencia.com\\\/?s={search_term_string}\"},\"query-input\":{\"@type\":\"PropertyValueSpecification\",\"valueRequired\":true,\"valueName\":\"search_term_string\"}}],\"inLanguage\":\"de\"},{\"@type\":\"Organization\",\"@id\":\"https:\\\/\\\/easylockersvalencia.com\\\/#organization\",\"name\":\"EasyLockers\",\"alternateName\":\"Easy Lockers Valencia | Consignas de Equipaje\",\"url\":\"https:\\\/\\\/easylockersvalencia.com\\\/\",\"logo\":{\"@type\":\"ImageObject\",\"inLanguage\":\"de\",\"@id\":\"https:\\\/\\\/easylockersvalencia.com\\\/#\\\/schema\\\/logo\\\/image\\\/\",\"url\":\"https:\\\/\\\/easylockersvalencia.com\\\/wp-content\\\/uploads\\\/2025\\\/03\\\/EASY-LOCKERS.png\",\"contentUrl\":\"https:\\\/\\\/easylockersvalencia.com\\\/wp-content\\\/uploads\\\/2025\\\/03\\\/EASY-LOCKERS.png\",\"width\":1000,\"height\":553,\"caption\":\"EasyLockers\"},\"image\":{\"@id\":\"https:\\\/\\\/easylockersvalencia.com\\\/#\\\/schema\\\/logo\\\/image\\\/\"},\"sameAs\":[\"https:\\\/\\\/www.facebook.com\\\/people\\\/Easy-Lockers-Valencia\\\/61579423589876\\\/\",\"https:\\\/\\\/www.instagram.com\\\/easy.lockers\\\/\"]}]}<\/script>\n<!-- \/ Yoast SEO plugin. -->","yoast_head_json":{"title":"\u00dcBER UNS - easylockersvalencia.com","robots":{"index":"index","follow":"follow","max-snippet":"max-snippet:-1","max-image-preview":"max-image-preview:large","max-video-preview":"max-video-preview:-1"},"canonical":"https:\/\/easylockersvalencia.com\/de\/nosotros\/","og_locale":"de_DE","og_type":"article","og_title":"\u00dcBER UNS - easylockersvalencia.com","og_description":"[vc_row css=&#8220;.vc_custom_1741863892061{padding-top: 4% !important;padding-bottom: 4% !important;background-image: url(https:\/\/www.easylockersvalencia.com\/wp-content\/uploads\/2025\/03\/Consigna-maletas-valencia-6.jpg?id=47) !important;background-position: center !important;background-repeat: no-repeat !important;background-size: cover !important;}&#8220;][vc_column][vc_column_text css=&#8220;&#8220;] Wer wir sind [\/vc_column_text][\/vc_column][\/vc_row][vc_row css=&#8220;.vc_custom_1741791397247{padding-top: 3% !important;padding-right: 10% !important;padding-bottom: 3% !important;padding-left: 10% !important;}&#8220;][vc_column][vc_row_inner][vc_column_inner][vc_empty_space height=&#8220;32px&#8220;][\/vc_column_inner][\/vc_row_inner][vc_row_inner gap=&#8220;35&#8243;][vc_column_inner][vc_column_text css=&#8220;&#8220;] Hallo! Willkommen bei\u00a0Easy Lockers Valencia, deinem besten Partner, um dich ohne unn\u00f6tige Lasten in der Stadt zu bewegen. Bist du fr\u00fch in Valencia angekommen [...]","og_url":"https:\/\/easylockersvalencia.com\/de\/nosotros\/","og_site_name":"easylockersvalencia.com","article_publisher":"https:\/\/www.facebook.com\/people\/Easy-Lockers-Valencia\/61579423589876\/","article_modified_time":"2025-03-17T11:24:06+00:00","og_image":[{"width":1000,"height":553,"url":"https:\/\/easylockersvalencia.com\/wp-content\/uploads\/2025\/03\/EASY-LOCKERS.png","type":"image\/png"}],"twitter_card":"summary_large_image","twitter_misc":{"Gesch\u00e4tzte Lesezeit":"2\u00a0Minuten"},"schema":{"@context":"https:\/\/schema.org","@graph":[{"@type":"WebPage","@id":"https:\/\/easylockersvalencia.com\/de\/nosotros\/","url":"https:\/\/easylockersvalencia.com\/de\/nosotros\/","name":"\u00dcBER UNS - easylockersvalencia.com","isPartOf":{"@id":"https:\/\/easylockersvalencia.com\/#website"},"datePublished":"2025-03-06T15:24:52+00:00","dateModified":"2025-03-17T11:24:06+00:00","breadcrumb":{"@id":"https:\/\/easylockersvalencia.com\/de\/nosotros\/#breadcrumb"},"inLanguage":"de","potentialAction":[{"@type":"ReadAction","target":["https:\/\/easylockersvalencia.com\/de\/nosotros\/"]}]},{"@type":"BreadcrumbList","@id":"https:\/\/easylockersvalencia.com\/de\/nosotros\/#breadcrumb","itemListElement":[{"@type":"ListItem","position":1,"name":"Portada","item":"https:\/\/easylockersvalencia.com\/de\/"},{"@type":"ListItem","position":2,"name":"\u00dcBER UNS"}]},{"@type":"WebSite","@id":"https:\/\/easylockersvalencia.com\/#website","url":"https:\/\/easylockersvalencia.com\/","name":"EasyLockers","description":"Taquillas en Valencia","publisher":{"@id":"https:\/\/easylockersvalencia.com\/#organization"},"alternateName":"EasyLockers Valencia | Consignas de Equipaje","potentialAction":[{"@type":"SearchAction","target":{"@type":"EntryPoint","urlTemplate":"https:\/\/easylockersvalencia.com\/?s={search_term_string}"},"query-input":{"@type":"PropertyValueSpecification","valueRequired":true,"valueName":"search_term_string"}}],"inLanguage":"de"},{"@type":"Organization","@id":"https:\/\/easylockersvalencia.com\/#organization","name":"EasyLockers","alternateName":"Easy Lockers Valencia | Consignas de Equipaje","url":"https:\/\/easylockersvalencia.com\/","logo":{"@type":"ImageObject","inLanguage":"de","@id":"https:\/\/easylockersvalencia.com\/#\/schema\/logo\/image\/","url":"https:\/\/easylockersvalencia.com\/wp-content\/uploads\/2025\/03\/EASY-LOCKERS.png","contentUrl":"https:\/\/easylockersvalencia.com\/wp-content\/uploads\/2025\/03\/EASY-LOCKERS.png","width":1000,"height":553,"caption":"EasyLockers"},"image":{"@id":"https:\/\/easylockersvalencia.com\/#\/schema\/logo\/image\/"},"sameAs":["https:\/\/www.facebook.com\/people\/Easy-Lockers-Valencia\/61579423589876\/","https:\/\/www.instagram.com\/easy.lockers\/"]}]}},"_links":{"self":[{"href":"https:\/\/easylockersvalencia.com\/de\/wp-json\/wp\/v2\/pages\/328","targetHints":{"allow":["GET"]}}],"collection":[{"href":"https:\/\/easylockersvalencia.com\/de\/wp-json\/wp\/v2\/pages"}],"about":[{"href":"https:\/\/easylockersvalencia.com\/de\/wp-json\/wp\/v2\/types\/page"}],"author":[{"embeddable":true,"href":"https:\/\/easylockersvalencia.com\/de\/wp-json\/wp\/v2\/users\/1"}],"replies":[{"embeddable":true,"href":"https:\/\/easylockersvalencia.com\/de\/wp-json\/wp\/v2\/comments?post=328"}],"version-history":[{"count":3,"href":"https:\/\/easylockersvalencia.com\/de\/wp-json\/wp\/v2\/pages\/328\/revisions"}],"predecessor-version":[{"id":381,"href":"https:\/\/easylockersvalencia.com\/de\/wp-json\/wp\/v2\/pages\/328\/revisions\/381"}],"wp:attachment":[{"href":"https:\/\/easylockersvalencia.com\/de\/wp-json\/wp\/v2\/media?parent=328"}],"curies":[{"name":"wp","href":"https:\/\/api.w.org\/{rel}","templated":true}]}}