{"id":303,"date":"2025-03-06T15:24:16","date_gmt":"2025-03-06T15:24:16","guid":{"rendered":"https:\/\/easylockersvalencia.com\/faqs\/"},"modified":"2025-03-17T09:28:12","modified_gmt":"2025-03-17T09:28:12","slug":"faqs","status":"publish","type":"page","link":"https:\/\/easylockersvalencia.com\/de\/faqs\/","title":{"rendered":"FAQS"},"content":{"rendered":"<div class=\"wpb-content-wrapper\">[vc_row css=&#8220;.vc_custom_1741863126007{padding-top: 5% !important;padding-right: 10% !important;padding-bottom: 4% !important;padding-left: 10% !important;background: #FF6B0B url(https:\/\/easylockersvalencia.com\/wp-content\/uploads\/2025\/03\/consignas-valencia-centro-.png?id=65) !important;background-position: center !important;background-repeat: no-repeat !important;background-size: cover !important;}&#8220;][vc_column][vc_row_inner][vc_column_inner][vc_column_text css=&#8220;&#8220;]\n<h1 style=\"text-align: left;\"><span style=\"color: #282828; font-size: 250%;\" data-text-color=\"success\"><strong>Wir l\u00f6sen Ihre Zweifel<\/strong><\/span><\/h1>\n[\/vc_column_text][\/vc_column_inner][\/vc_row_inner][\/vc_column][\/vc_row][vc_row css=&#8220;.vc_custom_1741801593541{padding-top: 3% !important;padding-right: 10% !important;padding-bottom: 3% !important;padding-left: 10% !important;}&#8220;][vc_column][vc_row_inner gap=&#8220;35&#8243;][vc_column_inner][vc_column_text css=&#8220;&#8220;]\n<p style=\"text-align: justify;\"><span style=\"font-size: 120%;\" data-text-color=\"alert\"><span style=\"font-size: 140%;\"><b>Wie kann ich auf das Schlie\u00dffach zugreifen?<\/b><\/span><\/span><\/p>\n<p style=\"text-align: justify;\"><span style=\"font-weight: 400; font-size: 120%;\">Geben Sie zun\u00e4chst den Code ein, den Sie per E-Mail nach Ihrer Buchung erhalten haben, oder verwenden Sie den QR-Code.<\/span><\/p>\n<p style=\"text-align: justify;\"><span style=\"font-weight: 400; font-size: 120%;\">Geben Sie anschlie\u00dfend den Code erneut auf dem Innendisplay ein. Ihr Schlie\u00dffach \u00f6ffnet sich automatisch.<\/span><\/p>\n<p style=\"text-align: justify;\"><span style=\"font-weight: 400; font-size: 120%;\">\u00dcberpr\u00fcfen Sie die Nummer Ihres Schlie\u00dffachs, legen Sie Ihr Gep\u00e4ck hinein und schlie\u00dfen Sie die Schlie\u00dffacht\u00fcr.<\/span><\/p>\n<p style=\"text-align: justify;\"><span style=\"font-size: 120%;\"><span style=\"font-weight: 400;\">Sie k\u00f6nnen jederzeit auf das von Ihnen reservierte Schlie\u00dffach zugreifen, <\/span><b>von 07:00 Uhr bis 06:59 Uhr am n\u00e4chsten Tag.<\/b><span style=\"font-weight: 400;\"> <\/span><\/span><\/p>\n<hr \/>\n<p style=\"text-align: justify;\"><span style=\"font-size: 120%;\"><b><br \/>\n<\/b><span style=\"font-size: 140%;\" data-text-color=\"alert\"><b>Was passiert, wenn ich zu sp\u00e4t komme, um mein Gep\u00e4ck abzuholen?<\/b><\/span><\/span><\/p>\n<p style=\"text-align: justify;\"><span style=\"font-weight: 400; font-size: 120%;\">Wenn Sie auf Ihr Schlie\u00dffach zugreifen, erhalten Sie eine E-Mail mit einem Link, um die zus\u00e4tzliche Mietzeit zu bezahlen und Ihre Reservierung zu reaktivieren.<\/span><\/p>\n<p style=\"text-align: justify;\"><span style=\"font-size: 120%;\"><b>Sie haben 15 Minuten, um Ihr Gep\u00e4ck abzuholen.<\/b><\/span><\/p>\n<hr \/>\n<p style=\"text-align: justify;\"><span style=\"font-size: 120%;\"><b><br \/>\n<\/b><span style=\"font-size: 140%;\" data-text-color=\"alert\"><b>Was kann ich tun, wenn ich ein Problem mit dem Schlie\u00dffach habe?<\/b><\/span><\/span><\/p>\n<p style=\"text-align: justify;\"><span style=\"font-weight: 400; font-size: 120%;\">Bei Problemen mit der Nutzung des Schlie\u00dffachs k\u00f6nnen Sie sich an info@easylockersvalencia.com oder an 639 524 983 wenden.<\/span><\/p>\n<hr \/>\n<p>&nbsp;<\/p>\n<p style=\"text-align: justify;\"><span style=\"font-size: 140%;\" data-text-color=\"alert\"><b><span style=\"font-size: 120%;\">Kann ich meine Buchung \u00e4ndern oder stornieren?<\/span><\/b><\/span><\/p>\n<p style=\"text-align: justify;\"><span style=\"font-weight: 400; font-size: 120%;\">Ja, solange die \u00c4nderung oder Stornierung mindestens 48 Stunden vor Beginn des gebuchten Service erfolgt. Kontaktieren Sie uns dazu per E-Mail an info@easylockersvalencia.com<\/span><\/p>\n<p style=\"text-align: justify;\"><span style=\"font-weight: 400; font-size: 120%;\">Die Stornierung unterliegt Stornogeb\u00fchren, die je nach Land, aus dem die Zahlung erfolgt ist, variieren.<\/span><\/p>\n<p style=\"text-align: justify;\"><span style=\"font-weight: 400; font-size: 120%;\">Buchungen, bei denen ein Rabatt angewendet wurde, sind nicht stornierbar oder erstattungsf\u00e4hig.<\/span><\/p>\n[\/vc_column_text][\/vc_column_inner][\/vc_row_inner][\/vc_column][\/vc_row][vc_row css=&#8220;.vc_custom_1741797023993{padding-top: 3% !important;padding-right: 10% !important;padding-bottom: 3% !important;padding-left: 10% !important;background-color: #32B9C4 !important;}&#8220;][vc_column][vc_row_inner][vc_column_inner][vc_empty_space height=&#8220;32px&#8220;][vc_column_text css=&#8220;&#8220;]\n<h3 style=\"text-align: center;\"><span style=\"color: #282828; font-size: 180%;\" data-text-color=\"success\"><strong>\u00a0Es ist sehr einfach, Ihr Gep\u00e4ck zu verstauen!<\/strong><\/span><\/h3>\n[\/vc_column_text][\/vc_column_inner][\/vc_row_inner][vc_row_inner gap=&#8220;35&#8243;][vc_column_inner][vc_column_text css=&#8220;&#8220;]\n<p style=\"text-align: center;\"><span data-text-color=\"success\"><span style=\"font-weight: 400;\">Geben Sie zun\u00e4chst den Code ein, den Sie per E-Mail nach Ihrer Buchung erhalten haben, oder verwenden Sie den QR-Code. <\/span><span style=\"font-weight: 400;\">Geben Sie anschlie\u00dfend den Code erneut auf dem Innendisplay ein. Ihr Schlie\u00dffach \u00f6ffnet sich automatisch. <\/span><span style=\"font-weight: 400;\">\u00dcberpr\u00fcfen Sie die Nummer Ihres Schlie\u00dffachs, legen Sie Ihr Gep\u00e4ck hinein und schlie\u00dfen Sie die Schlie\u00dffacht\u00fcr. <\/span><span style=\"font-weight: 400;\">Sie k\u00f6nnen jederzeit auf das von Ihnen reservierte Schlie\u00dffach zugreifen, <\/span><b>von 07:00 Uhr bis 06:59 Uhr am n\u00e4chsten Tag.<\/b><span style=\"font-weight: 400;\"> <\/span><\/span><\/p>\n[\/vc_column_text][\/vc_column_inner][\/vc_row_inner][vc_row_inner gap=&#8220;35&#8243;][vc_column_inner width=&#8220;1\/3&#8243; css=&#8220;.vc_custom_1741798777338{background-color: #FFFFFF !important;border-radius: 50px !important;}&#8220;][vc_column_text css=&#8220;&#8220;]\n<p style=\"text-align: left;\"><img loading=\"lazy\" decoding=\"async\" class=\"alignnone wp-image-112 alignleft\" src=\"https:\/\/www.easylockersvalencia.com\/wp-content\/uploads\/2025\/03\/uno.png\" alt=\"\" width=\"50\" height=\"50\" srcset=\"https:\/\/easylockersvalencia.com\/wp-content\/uploads\/2025\/03\/uno.png 256w, https:\/\/easylockersvalencia.com\/wp-content\/uploads\/2025\/03\/uno-150x150.png 150w\" sizes=\"auto, (max-width: 50px) 100vw, 50px\" \/>W\u00c4HLEN SIE DIE GR\u00d6SSE IHRES SCHLIE\u00dfFACH<\/p>\n[\/vc_column_text][\/vc_column_inner][vc_column_inner width=&#8220;1\/3&#8243; css=&#8220;.vc_custom_1741799006774{background-color: #FFFFFF !important;border-radius: 50px !important;}&#8220;][vc_column_text css=&#8220;&#8220;]\n<p style=\"text-align: left;\"><img loading=\"lazy\" decoding=\"async\" class=\"alignnone alignleft\" src=\"https:\/\/www.easylockersvalencia.com\/wp-content\/uploads\/2025\/03\/dos.png\" alt=\"\" width=\"50\" height=\"50\" \/>BUCHEN UND ONLINE ZAHLEN<\/p>\n[\/vc_column_text][\/vc_column_inner][vc_column_inner width=&#8220;1\/3&#8243; css=&#8220;.vc_custom_1741799033970{background-color: #FFFFFF !important;border-radius: 50px !important;}&#8220;][vc_column_text css=&#8220;&#8220;]\n<p style=\"text-align: left;\"><img loading=\"lazy\" decoding=\"async\" class=\"alignnone alignleft\" src=\"https:\/\/www.easylockersvalencia.com\/wp-content\/uploads\/2025\/03\/tres.png\" alt=\"\" width=\"50\" height=\"50\" \/>ERHALTEN SIE DEN CODE F\u00dcR DAS SCHLIE\u00dfFACH<\/p>\n[\/vc_column_text][\/vc_column_inner][\/vc_row_inner][\/vc_column][\/vc_row][vc_row][vc_column][vc_row_inner][vc_column_inner][vc_gmaps link=&#8220;#E-8_JTNDaWZyYW1lJTIwc3JjJTNEJTIyaHR0cHMlM0ElMkYlMkZ3d3cuZ29vZ2xlLmNvbSUyRm1hcHMlMkZlbWJlZCUzRnBiJTNEJTIxMW0xOCUyMTFtMTIlMjExbTMlMjExZDMwODAuMjM3NTc5Njg0MjM0MyUyMTJkLTAuMzc1NzU1NjI0MDM1ODA5OSUyMTNkMzkuNDYzOTYxMTcxNjA4NjElMjEybTMlMjExZjAlMjEyZjAlMjEzZjAlMjEzbTIlMjExaTEwMjQlMjEyaTc2OCUyMTRmMTMuMSUyMTNtMyUyMTFtMiUyMTFzMHhkNjA0OGNhOGQ5NTdlYmYlMjUzQTB4ZjkxOTBhZDQ4Yjc4ZjA5MyUyMTJzQy4lMjUyMGRlJTI1MjBSdXphZmElMjUyQyUyNTIwNDYlMjUyQyUyNTIwRW5zYW5jaGUlMjUyQyUyNTIwNDYwMDYlMjUyMFZhbGVuY2lhJTIxNWUwJTIxM20yJTIxMXNlcyUyMTJzZXMlMjE0djE3NDE3ODczMzg4MTUlMjE1bTIlMjExc2VzJTIxMnNlcyUyMiUyMHdpZHRoJTNEJTIyNjAwJTIyJTIwaGVpZ2h0JTNEJTIyNDUwJTIyJTIwc3R5bGUlM0QlMjJib3JkZXIlM0EwJTNCJTIyJTIwYWxsb3dmdWxsc2NyZWVuJTNEJTIyJTIyJTIwbG9hZGluZyUzRCUyMmxhenklMjIlMjByZWZlcnJlcnBvbGljeSUzRCUyMm5vLXJlZmVycmVyLXdoZW4tZG93bmdyYWRlJTIyJTNFJTNDJTJGaWZyYW1lJTNF&#8220; css=&#8220;&#8220; size=&#8220;standard&#8220;][\/vc_column_inner][\/vc_row_inner][\/vc_column][\/vc_row]\n<\/div>","protected":false},"excerpt":{"rendered":"[vc_row css=&#8220;.vc_custom_1741863126007{padding-top: 5% !important;padding-right: 10% !important;padding-bottom: 4% !important;padding-left: 10% !important;background: #FF6B0B url(https:\/\/easylockersvalencia.com\/wp-content\/uploads\/2025\/03\/consignas-valencia-centro-.png?id=65) !important;background-position: center !important;background-repeat: no-repeat !important;background-size: cover !important;}&#8220;][vc_column][vc_row_inner][vc_column_inner][vc_column_text css=&#8220;&#8220;] Wir l\u00f6sen Ihre Zweifel [\/vc_column_text][\/vc_column_inner][\/vc_row_inner][\/vc_column][\/vc_row][vc_row css=&#8220;.vc_custom_1741801593541{padding-top: 3% !important;padding-right: 10% !important;padding-bottom: 3% !important;padding-left: 10% !important;}&#8220;][vc_column][vc_row_inner gap=&#8220;35&#8243;][vc_column_inner][vc_column_text css=&#8220;&#8220;] Wie kann ich auf das Schlie\u00dffach zugreifen? Geben Sie zun\u00e4chst den Code ein, den Sie per E-Mail nach Ihrer [&#8230;]\n","protected":false},"author":1,"featured_media":809,"parent":0,"menu_order":0,"comment_status":"closed","ping_status":"closed","template":"page-blank.php","meta":{"footnotes":""},"class_list":["post-303","page","type-page","status-publish","has-post-thumbnail","hentry"],"yoast_head":"<!-- This site is optimized with the Yoast SEO plugin v27.5 - https:\/\/yoast.com\/product\/yoast-seo-wordpress\/ -->\n<title>FAQS - easylockersvalencia.com<\/title>\n<meta name=\"robots\" content=\"index, follow, max-snippet:-1, max-image-preview:large, max-video-preview:-1\" \/>\n<link rel=\"canonical\" href=\"https:\/\/easylockersvalencia.com\/de\/faqs\/\" \/>\n<meta property=\"og:locale\" content=\"de_DE\" \/>\n<meta property=\"og:type\" content=\"article\" \/>\n<meta property=\"og:title\" content=\"FAQS - easylockersvalencia.com\" \/>\n<meta property=\"og:description\" content=\"[vc_row css=&#8220;.vc_custom_1741863126007{padding-top: 5% !important;padding-right: 10% !important;padding-bottom: 4% !important;padding-left: 10% !important;background: #FF6B0B url(https:\/\/easylockersvalencia.com\/wp-content\/uploads\/2025\/03\/consignas-valencia-centro-.png?id=65) !important;background-position: center !important;background-repeat: no-repeat !important;background-size: cover !important;}&#8220;][vc_column][vc_row_inner][vc_column_inner][vc_column_text css=&#8220;&#8220;] Wir l\u00f6sen Ihre Zweifel [\/vc_column_text][\/vc_column_inner][\/vc_row_inner][\/vc_column][\/vc_row][vc_row css=&#8220;.vc_custom_1741801593541{padding-top: 3% !important;padding-right: 10% !important;padding-bottom: 3% !important;padding-left: 10% !important;}&#8220;][vc_column][vc_row_inner gap=&#8220;35&#8243;][vc_column_inner][vc_column_text css=&#8220;&#8220;] Wie kann ich auf das Schlie\u00dffach zugreifen? Geben Sie zun\u00e4chst den Code ein, den Sie per E-Mail nach Ihrer [...]\" \/>\n<meta property=\"og:url\" content=\"https:\/\/easylockersvalencia.com\/de\/faqs\/\" \/>\n<meta property=\"og:site_name\" content=\"easylockersvalencia.com\" \/>\n<meta property=\"article:publisher\" content=\"https:\/\/www.facebook.com\/people\/Easy-Lockers-Valencia\/61579423589876\/\" \/>\n<meta property=\"article:modified_time\" content=\"2025-03-17T09:28:12+00:00\" \/>\n<meta property=\"og:image\" content=\"https:\/\/www.easylockersvalencia.com\/wp-content\/uploads\/2025\/03\/uno.png\" \/>\n<meta name=\"twitter:card\" content=\"summary_large_image\" \/>\n<meta name=\"twitter:label1\" content=\"Gesch\u00e4tzte Lesezeit\" \/>\n\t<meta name=\"twitter:data1\" content=\"3\u00a0Minuten\" \/>\n<script type=\"application\/ld+json\" class=\"yoast-schema-graph\">{\"@context\":\"https:\\\/\\\/schema.org\",\"@graph\":[{\"@type\":\"WebPage\",\"@id\":\"https:\\\/\\\/easylockersvalencia.com\\\/de\\\/faqs\\\/\",\"url\":\"https:\\\/\\\/easylockersvalencia.com\\\/de\\\/faqs\\\/\",\"name\":\"FAQS - easylockersvalencia.com\",\"isPartOf\":{\"@id\":\"https:\\\/\\\/easylockersvalencia.com\\\/#website\"},\"primaryImageOfPage\":{\"@id\":\"https:\\\/\\\/easylockersvalencia.com\\\/de\\\/faqs\\\/#primaryimage\"},\"image\":{\"@id\":\"https:\\\/\\\/easylockersvalencia.com\\\/de\\\/faqs\\\/#primaryimage\"},\"thumbnailUrl\":\"https:\\\/\\\/easylockersvalencia.com\\\/wp-content\\\/uploads\\\/2025\\\/03\\\/EASY-LOCKERS.png\",\"datePublished\":\"2025-03-06T15:24:16+00:00\",\"dateModified\":\"2025-03-17T09:28:12+00:00\",\"breadcrumb\":{\"@id\":\"https:\\\/\\\/easylockersvalencia.com\\\/de\\\/faqs\\\/#breadcrumb\"},\"inLanguage\":\"de\",\"potentialAction\":[{\"@type\":\"ReadAction\",\"target\":[\"https:\\\/\\\/easylockersvalencia.com\\\/de\\\/faqs\\\/\"]}]},{\"@type\":\"ImageObject\",\"inLanguage\":\"de\",\"@id\":\"https:\\\/\\\/easylockersvalencia.com\\\/de\\\/faqs\\\/#primaryimage\",\"url\":\"https:\\\/\\\/easylockersvalencia.com\\\/wp-content\\\/uploads\\\/2025\\\/03\\\/EASY-LOCKERS.png\",\"contentUrl\":\"https:\\\/\\\/easylockersvalencia.com\\\/wp-content\\\/uploads\\\/2025\\\/03\\\/EASY-LOCKERS.png\",\"width\":1000,\"height\":553,\"caption\":\"Logo de EasyLockes Valencia\"},{\"@type\":\"BreadcrumbList\",\"@id\":\"https:\\\/\\\/easylockersvalencia.com\\\/de\\\/faqs\\\/#breadcrumb\",\"itemListElement\":[{\"@type\":\"ListItem\",\"position\":1,\"name\":\"Portada\",\"item\":\"https:\\\/\\\/easylockersvalencia.com\\\/de\\\/\"},{\"@type\":\"ListItem\",\"position\":2,\"name\":\"FAQS\"}]},{\"@type\":\"WebSite\",\"@id\":\"https:\\\/\\\/easylockersvalencia.com\\\/#website\",\"url\":\"https:\\\/\\\/easylockersvalencia.com\\\/\",\"name\":\"EasyLockers\",\"description\":\"Taquillas en Valencia\",\"publisher\":{\"@id\":\"https:\\\/\\\/easylockersvalencia.com\\\/#organization\"},\"alternateName\":\"EasyLockers Valencia | Consignas de Equipaje\",\"potentialAction\":[{\"@type\":\"SearchAction\",\"target\":{\"@type\":\"EntryPoint\",\"urlTemplate\":\"https:\\\/\\\/easylockersvalencia.com\\\/?s={search_term_string}\"},\"query-input\":{\"@type\":\"PropertyValueSpecification\",\"valueRequired\":true,\"valueName\":\"search_term_string\"}}],\"inLanguage\":\"de\"},{\"@type\":\"Organization\",\"@id\":\"https:\\\/\\\/easylockersvalencia.com\\\/#organization\",\"name\":\"EasyLockers\",\"alternateName\":\"Easy Lockers Valencia | Consignas de Equipaje\",\"url\":\"https:\\\/\\\/easylockersvalencia.com\\\/\",\"logo\":{\"@type\":\"ImageObject\",\"inLanguage\":\"de\",\"@id\":\"https:\\\/\\\/easylockersvalencia.com\\\/#\\\/schema\\\/logo\\\/image\\\/\",\"url\":\"https:\\\/\\\/easylockersvalencia.com\\\/wp-content\\\/uploads\\\/2025\\\/03\\\/EASY-LOCKERS.png\",\"contentUrl\":\"https:\\\/\\\/easylockersvalencia.com\\\/wp-content\\\/uploads\\\/2025\\\/03\\\/EASY-LOCKERS.png\",\"width\":1000,\"height\":553,\"caption\":\"EasyLockers\"},\"image\":{\"@id\":\"https:\\\/\\\/easylockersvalencia.com\\\/#\\\/schema\\\/logo\\\/image\\\/\"},\"sameAs\":[\"https:\\\/\\\/www.facebook.com\\\/people\\\/Easy-Lockers-Valencia\\\/61579423589876\\\/\",\"https:\\\/\\\/www.instagram.com\\\/easy.lockers\\\/\"]}]}<\/script>\n<!-- \/ Yoast SEO plugin. -->","yoast_head_json":{"title":"FAQS - easylockersvalencia.com","robots":{"index":"index","follow":"follow","max-snippet":"max-snippet:-1","max-image-preview":"max-image-preview:large","max-video-preview":"max-video-preview:-1"},"canonical":"https:\/\/easylockersvalencia.com\/de\/faqs\/","og_locale":"de_DE","og_type":"article","og_title":"FAQS - easylockersvalencia.com","og_description":"[vc_row css=&#8220;.vc_custom_1741863126007{padding-top: 5% !important;padding-right: 10% !important;padding-bottom: 4% !important;padding-left: 10% !important;background: #FF6B0B url(https:\/\/easylockersvalencia.com\/wp-content\/uploads\/2025\/03\/consignas-valencia-centro-.png?id=65) !important;background-position: center !important;background-repeat: no-repeat !important;background-size: cover !important;}&#8220;][vc_column][vc_row_inner][vc_column_inner][vc_column_text css=&#8220;&#8220;] Wir l\u00f6sen Ihre Zweifel [\/vc_column_text][\/vc_column_inner][\/vc_row_inner][\/vc_column][\/vc_row][vc_row css=&#8220;.vc_custom_1741801593541{padding-top: 3% !important;padding-right: 10% !important;padding-bottom: 3% !important;padding-left: 10% !important;}&#8220;][vc_column][vc_row_inner gap=&#8220;35&#8243;][vc_column_inner][vc_column_text css=&#8220;&#8220;] Wie kann ich auf das Schlie\u00dffach zugreifen? Geben Sie zun\u00e4chst den Code ein, den Sie per E-Mail nach Ihrer [...]","og_url":"https:\/\/easylockersvalencia.com\/de\/faqs\/","og_site_name":"easylockersvalencia.com","article_publisher":"https:\/\/www.facebook.com\/people\/Easy-Lockers-Valencia\/61579423589876\/","article_modified_time":"2025-03-17T09:28:12+00:00","og_image":[{"url":"https:\/\/www.easylockersvalencia.com\/wp-content\/uploads\/2025\/03\/uno.png","type":"","width":"","height":""}],"twitter_card":"summary_large_image","twitter_misc":{"Gesch\u00e4tzte Lesezeit":"3\u00a0Minuten"},"schema":{"@context":"https:\/\/schema.org","@graph":[{"@type":"WebPage","@id":"https:\/\/easylockersvalencia.com\/de\/faqs\/","url":"https:\/\/easylockersvalencia.com\/de\/faqs\/","name":"FAQS - easylockersvalencia.com","isPartOf":{"@id":"https:\/\/easylockersvalencia.com\/#website"},"primaryImageOfPage":{"@id":"https:\/\/easylockersvalencia.com\/de\/faqs\/#primaryimage"},"image":{"@id":"https:\/\/easylockersvalencia.com\/de\/faqs\/#primaryimage"},"thumbnailUrl":"https:\/\/easylockersvalencia.com\/wp-content\/uploads\/2025\/03\/EASY-LOCKERS.png","datePublished":"2025-03-06T15:24:16+00:00","dateModified":"2025-03-17T09:28:12+00:00","breadcrumb":{"@id":"https:\/\/easylockersvalencia.com\/de\/faqs\/#breadcrumb"},"inLanguage":"de","potentialAction":[{"@type":"ReadAction","target":["https:\/\/easylockersvalencia.com\/de\/faqs\/"]}]},{"@type":"ImageObject","inLanguage":"de","@id":"https:\/\/easylockersvalencia.com\/de\/faqs\/#primaryimage","url":"https:\/\/easylockersvalencia.com\/wp-content\/uploads\/2025\/03\/EASY-LOCKERS.png","contentUrl":"https:\/\/easylockersvalencia.com\/wp-content\/uploads\/2025\/03\/EASY-LOCKERS.png","width":1000,"height":553,"caption":"Logo de EasyLockes Valencia"},{"@type":"BreadcrumbList","@id":"https:\/\/easylockersvalencia.com\/de\/faqs\/#breadcrumb","itemListElement":[{"@type":"ListItem","position":1,"name":"Portada","item":"https:\/\/easylockersvalencia.com\/de\/"},{"@type":"ListItem","position":2,"name":"FAQS"}]},{"@type":"WebSite","@id":"https:\/\/easylockersvalencia.com\/#website","url":"https:\/\/easylockersvalencia.com\/","name":"EasyLockers","description":"Taquillas en Valencia","publisher":{"@id":"https:\/\/easylockersvalencia.com\/#organization"},"alternateName":"EasyLockers Valencia | Consignas de Equipaje","potentialAction":[{"@type":"SearchAction","target":{"@type":"EntryPoint","urlTemplate":"https:\/\/easylockersvalencia.com\/?s={search_term_string}"},"query-input":{"@type":"PropertyValueSpecification","valueRequired":true,"valueName":"search_term_string"}}],"inLanguage":"de"},{"@type":"Organization","@id":"https:\/\/easylockersvalencia.com\/#organization","name":"EasyLockers","alternateName":"Easy Lockers Valencia | Consignas de Equipaje","url":"https:\/\/easylockersvalencia.com\/","logo":{"@type":"ImageObject","inLanguage":"de","@id":"https:\/\/easylockersvalencia.com\/#\/schema\/logo\/image\/","url":"https:\/\/easylockersvalencia.com\/wp-content\/uploads\/2025\/03\/EASY-LOCKERS.png","contentUrl":"https:\/\/easylockersvalencia.com\/wp-content\/uploads\/2025\/03\/EASY-LOCKERS.png","width":1000,"height":553,"caption":"EasyLockers"},"image":{"@id":"https:\/\/easylockersvalencia.com\/#\/schema\/logo\/image\/"},"sameAs":["https:\/\/www.facebook.com\/people\/Easy-Lockers-Valencia\/61579423589876\/","https:\/\/www.instagram.com\/easy.lockers\/"]}]}},"_links":{"self":[{"href":"https:\/\/easylockersvalencia.com\/de\/wp-json\/wp\/v2\/pages\/303","targetHints":{"allow":["GET"]}}],"collection":[{"href":"https:\/\/easylockersvalencia.com\/de\/wp-json\/wp\/v2\/pages"}],"about":[{"href":"https:\/\/easylockersvalencia.com\/de\/wp-json\/wp\/v2\/types\/page"}],"author":[{"embeddable":true,"href":"https:\/\/easylockersvalencia.com\/de\/wp-json\/wp\/v2\/users\/1"}],"replies":[{"embeddable":true,"href":"https:\/\/easylockersvalencia.com\/de\/wp-json\/wp\/v2\/comments?post=303"}],"version-history":[{"count":2,"href":"https:\/\/easylockersvalencia.com\/de\/wp-json\/wp\/v2\/pages\/303\/revisions"}],"predecessor-version":[{"id":312,"href":"https:\/\/easylockersvalencia.com\/de\/wp-json\/wp\/v2\/pages\/303\/revisions\/312"}],"wp:featuredmedia":[{"embeddable":true,"href":"https:\/\/easylockersvalencia.com\/de\/wp-json\/wp\/v2\/media\/809"}],"wp:attachment":[{"href":"https:\/\/easylockersvalencia.com\/de\/wp-json\/wp\/v2\/media?parent=303"}],"curies":[{"name":"wp","href":"https:\/\/api.w.org\/{rel}","templated":true}]}}